{"id":5099,"date":"2023-10-19T02:29:46","date_gmt":"2023-10-19T05:29:46","guid":{"rendered":"https:\/\/tunaigodoi.com.br\/?page_id=5099"},"modified":"2024-04-24T17:57:24","modified_gmt":"2024-04-24T20:57:24","slug":"resume","status":"publish","type":"page","link":"https:\/\/tunaigodoi.com.br\/index.php\/resume\/","title":{"rendered":"CURRICULO"},"content":{"rendered":"\t\t<div data-elementor-type=\"wp-page\" data-elementor-id=\"5099\" class=\"elementor elementor-5099\" data-elementor-post-type=\"page\">\n\t\t\t\t\t\t<section class=\"elementor-section elementor-top-section elementor-element elementor-element-5bbcbd52 elementor-section-height-min-height elementor-section-boxed elementor-section-height-default elementor-section-items-middle\" data-id=\"5bbcbd52\" data-element_type=\"section\" data-e-type=\"section\">\n\t\t\t\t\t\t<div class=\"elementor-container elementor-column-gap-default\">\n\t\t\t\t\t<div class=\"elementor-column elementor-col-100 elementor-top-column elementor-element elementor-element-505cb3e0\" data-id=\"505cb3e0\" data-element_type=\"column\" data-e-type=\"column\">\n\t\t\t<div class=\"elementor-widget-wrap elementor-element-populated\">\n\t\t\t\t\t\t<section class=\"elementor-section elementor-inner-section elementor-element elementor-element-0804186 elementor-section-boxed elementor-section-height-default elementor-section-height-default\" data-id=\"0804186\" data-element_type=\"section\" data-e-type=\"section\">\n\t\t\t\t\t\t<div class=\"elementor-container elementor-column-gap-default\">\n\t\t\t\t\t<div class=\"elementor-column elementor-col-50 elementor-inner-column elementor-element elementor-element-0034024\" data-id=\"0034024\" data-element_type=\"column\" data-e-type=\"column\">\n\t\t\t<div class=\"elementor-widget-wrap elementor-element-populated\">\n\t\t\t\t\t\t<div class=\"elementor-element elementor-element-1bfe2ad elementor-widget__width-initial elementor-widget-mobile__width-initial elementor-hidden-desktop elementor-invisible elementor-widget elementor-widget-image\" data-id=\"1bfe2ad\" data-element_type=\"widget\" data-e-type=\"widget\" data-settings=\"{&quot;_animation&quot;:&quot;slideInUp&quot;}\" data-widget_type=\"image.default\">\n\t\t\t\t<div class=\"elementor-widget-container\">\n\t\t\t\t\t\t\t\t\t\t\t\t\t\t\t<img fetchpriority=\"high\" decoding=\"async\" width=\"300\" height=\"252\" src=\"https:\/\/tunaigodoi.com.br\/wp-content\/uploads\/2022\/02\/iPhone-Pro-Longscroll-Mockups-300x252.png\" class=\"attachment-medium size-medium wp-image-3075\" alt=\"\" srcset=\"https:\/\/tunaigodoi.com.br\/wp-content\/uploads\/2022\/02\/iPhone-Pro-Longscroll-Mockups-300x252.png 300w, https:\/\/tunaigodoi.com.br\/wp-content\/uploads\/2022\/02\/iPhone-Pro-Longscroll-Mockups-600x505.png 600w, https:\/\/tunaigodoi.com.br\/wp-content\/uploads\/2022\/02\/iPhone-Pro-Longscroll-Mockups-768x646.png 768w, https:\/\/tunaigodoi.com.br\/wp-content\/uploads\/2022\/02\/iPhone-Pro-Longscroll-Mockups.png 996w\" sizes=\"(max-width: 300px) 100vw, 300px\" \/>\t\t\t\t\t\t\t\t\t\t\t\t\t\t\t<\/div>\n\t\t\t\t<\/div>\n\t\t\t\t<div class=\"elementor-element elementor-element-ef7cc6c elementor-widget elementor-widget-spacer\" data-id=\"ef7cc6c\" data-element_type=\"widget\" data-e-type=\"widget\" data-widget_type=\"spacer.default\">\n\t\t\t\t<div class=\"elementor-widget-container\">\n\t\t\t\t\t\t\t<div class=\"elementor-spacer\">\n\t\t\t<div class=\"elementor-spacer-inner\"><\/div>\n\t\t<\/div>\n\t\t\t\t\t\t<\/div>\n\t\t\t\t<\/div>\n\t\t\t\t<div class=\"elementor-element elementor-element-bf28760 elementor-widget elementor-widget-heading\" data-id=\"bf28760\" data-element_type=\"widget\" data-e-type=\"widget\" data-widget_type=\"heading.default\">\n\t\t\t\t<div class=\"elementor-widget-container\">\n\t\t\t\t\t<h2 class=\"elementor-heading-title elementor-size-default\">RESUME<\/h2>\t\t\t\t<\/div>\n\t\t\t\t<\/div>\n\t\t\t\t<div class=\"elementor-element elementor-element-cb11dbd elementor-align-center elementor-widget elementor-widget-button\" data-id=\"cb11dbd\" data-element_type=\"widget\" data-e-type=\"widget\" data-widget_type=\"button.default\">\n\t\t\t\t<div class=\"elementor-widget-container\">\n\t\t\t\t\t\t\t\t\t<div class=\"elementor-button-wrapper\">\n\t\t\t\t\t<a class=\"elementor-button elementor-button-link elementor-size-sm\" href=\"http:\/\/tunaigodoi.com.br\/wp-content\/uploads\/2024\/04\/EN-resume-.pdf\">\n\t\t\t\t\t\t<span class=\"elementor-button-content-wrapper\">\n\t\t\t\t\t\t\t\t\t<span class=\"elementor-button-text\">DOWNLOAD MY RESUME HERE<\/span>\n\t\t\t\t\t<\/span>\n\t\t\t\t\t<\/a>\n\t\t\t\t<\/div>\n\t\t\t\t\t\t\t\t<\/div>\n\t\t\t\t<\/div>\n\t\t\t\t\t<\/div>\n\t\t<\/div>\n\t\t\t\t<div class=\"elementor-column elementor-col-50 elementor-inner-column elementor-element elementor-element-1dac61d\" data-id=\"1dac61d\" data-element_type=\"column\" data-e-type=\"column\">\n\t\t\t<div class=\"elementor-widget-wrap elementor-element-populated\">\n\t\t\t\t\t\t<div class=\"elementor-element elementor-element-ab0d7c7 elementor-widget__width-initial elementor-hidden-tablet elementor-hidden-mobile elementor-invisible elementor-widget elementor-widget-image\" data-id=\"ab0d7c7\" data-element_type=\"widget\" data-e-type=\"widget\" data-settings=\"{&quot;_animation&quot;:&quot;slideInUp&quot;}\" data-widget_type=\"image.default\">\n\t\t\t\t<div class=\"elementor-widget-container\">\n\t\t\t\t\t\t\t\t\t\t\t\t\t\t\t<img decoding=\"async\" width=\"623\" height=\"1024\" src=\"https:\/\/tunaigodoi.com.br\/wp-content\/uploads\/2023\/10\/WhatsApp-Image-2023-10-18-at-00.40.36-scaled-e1697600528604-623x1024.jpeg\" class=\"attachment-large size-large wp-image-5051\" alt=\"foto de tunai godoi, homem pardo com cabelos curtos castanhos escuros, \u00f3culos grossos de acetato, barba rala, sardas. Com uma aparencia amig\u00e1vel, de camiseta azul, camisa de piqu\u00e9 beige sobrepondo e posicionado em um campo de golfe extremamente verde e bem cuidado\" srcset=\"https:\/\/tunaigodoi.com.br\/wp-content\/uploads\/2023\/10\/WhatsApp-Image-2023-10-18-at-00.40.36-scaled-e1697600528604-623x1024.jpeg 623w, https:\/\/tunaigodoi.com.br\/wp-content\/uploads\/2023\/10\/WhatsApp-Image-2023-10-18-at-00.40.36-scaled-e1697600528604-183x300.jpeg 183w, https:\/\/tunaigodoi.com.br\/wp-content\/uploads\/2023\/10\/WhatsApp-Image-2023-10-18-at-00.40.36-scaled-e1697600528604-768x1262.jpeg 768w, https:\/\/tunaigodoi.com.br\/wp-content\/uploads\/2023\/10\/WhatsApp-Image-2023-10-18-at-00.40.36-scaled-e1697600528604-935x1536.jpeg 935w, https:\/\/tunaigodoi.com.br\/wp-content\/uploads\/2023\/10\/WhatsApp-Image-2023-10-18-at-00.40.36-scaled-e1697600528604-600x986.jpeg 600w, https:\/\/tunaigodoi.com.br\/wp-content\/uploads\/2023\/10\/WhatsApp-Image-2023-10-18-at-00.40.36-scaled-e1697600528604.jpeg 1194w\" sizes=\"(max-width: 623px) 100vw, 623px\" \/>\t\t\t\t\t\t\t\t\t\t\t\t\t\t\t<\/div>\n\t\t\t\t<\/div>\n\t\t\t\t\t<\/div>\n\t\t<\/div>\n\t\t\t\t\t<\/div>\n\t\t<\/section>\n\t\t\t\t\t<\/div>\n\t\t<\/div>\n\t\t\t\t\t<\/div>\n\t\t<\/section>\n\t\t\t\t<\/div>\n\t\t","protected":false},"excerpt":{"rendered":"<p>RESUME DOWNLOAD MY RESUME HERE<\/p>\n","protected":false},"author":1,"featured_media":0,"parent":0,"menu_order":0,"comment_status":"closed","ping_status":"closed","template":"","meta":{"site-sidebar-layout":"no-sidebar","site-content-layout":"page-builder","ast-site-content-layout":"default","site-content-style":"default","site-sidebar-style":"default","ast-global-header-display":"","ast-banner-title-visibility":"","ast-main-header-display":"","ast-hfb-above-header-display":"","ast-hfb-below-header-display":"","ast-hfb-mobile-header-display":"","site-post-title":"disabled","ast-breadcrumbs-content":"","ast-featured-img":"disabled","footer-sml-layout":"","ast-disable-related-posts":"","theme-transparent-header-meta":"","adv-header-id-meta":"","stick-header-meta":"","header-above-stick-meta":"","header-main-stick-meta":"","header-below-stick-meta":"","astra-migrate-meta-layouts":"default","ast-page-background-enabled":"default","ast-page-background-meta":{"desktop":{"background-color":"var(--ast-global-color-4)","background-image":"","background-repeat":"repeat","background-position":"center center","background-size":"auto","background-attachment":"scroll","background-type":"","background-media":"","overlay-type":"","overlay-color":"","overlay-opacity":"","overlay-gradient":""},"tablet":{"background-color":"","background-image":"","background-repeat":"repeat","background-position":"center center","background-size":"auto","background-attachment":"scroll","background-type":"","background-media":"","overlay-type":"","overlay-color":"","overlay-opacity":"","overlay-gradient":""},"mobile":{"background-color":"","background-image":"","background-repeat":"repeat","background-position":"center center","background-size":"auto","background-attachment":"scroll","background-type":"","background-media":"","overlay-type":"","overlay-color":"","overlay-opacity":"","overlay-gradient":""}},"ast-content-background-meta":{"desktop":{"background-color":"var(--ast-global-color-5)","background-image":"","background-repeat":"repeat","background-position":"center center","background-size":"auto","background-attachment":"scroll","background-type":"","background-media":"","overlay-type":"","overlay-color":"","overlay-opacity":"","overlay-gradient":""},"tablet":{"background-color":"var(--ast-global-color-5)","background-image":"","background-repeat":"repeat","background-position":"center center","background-size":"auto","background-attachment":"scroll","background-type":"","background-media":"","overlay-type":"","overlay-color":"","overlay-opacity":"","overlay-gradient":""},"mobile":{"background-color":"var(--ast-global-color-5)","background-image":"","background-repeat":"repeat","background-position":"center center","background-size":"auto","background-attachment":"scroll","background-type":"","background-media":"","overlay-type":"","overlay-color":"","overlay-opacity":"","overlay-gradient":""}},"footnotes":""},"class_list":["post-5099","page","type-page","status-publish","hentry"],"yoast_head":"<!-- This site is optimized with the Yoast SEO plugin v27.3 - https:\/\/yoast.com\/product\/yoast-seo-wordpress\/ -->\n<title>CURRICULO - Tunai Godoi<\/title>\n<meta name=\"description\" content=\"Here you can download my resume! If you like my profile and portfolio feel free to download my resume and contact me!\" \/>\n<meta name=\"robots\" content=\"index, follow, max-snippet:-1, max-image-preview:large, max-video-preview:-1\" \/>\n<link rel=\"canonical\" href=\"https:\/\/tunaigodoi.com.br\/index.php\/resume\/\" \/>\n<meta property=\"og:locale\" content=\"pt_BR\" \/>\n<meta property=\"og:type\" content=\"article\" \/>\n<meta property=\"og:title\" content=\"CURRICULO - Tunai Godoi\" \/>\n<meta property=\"og:description\" content=\"Here you can download my resume! If you like my profile and portfolio feel free to download my resume and contact me!\" \/>\n<meta property=\"og:url\" content=\"https:\/\/tunaigodoi.com.br\/index.php\/resume\/\" \/>\n<meta property=\"og:site_name\" content=\"Tunai Godoi\" \/>\n<meta property=\"article:modified_time\" content=\"2024-04-24T20:57:24+00:00\" \/>\n<meta property=\"og:image\" content=\"http:\/\/tunaigodoi.com.br\/wp-content\/uploads\/2022\/02\/iPhone-Pro-Longscroll-Mockups-300x252.png\" \/>\n<meta name=\"twitter:card\" content=\"summary_large_image\" \/>\n<meta name=\"twitter:label1\" content=\"Est. tempo de leitura\" \/>\n\t<meta name=\"twitter:data1\" content=\"1 minuto\" \/>\n<script type=\"application\/ld+json\" class=\"yoast-schema-graph\">{\"@context\":\"https:\\\/\\\/schema.org\",\"@graph\":[{\"@type\":\"WebPage\",\"@id\":\"https:\\\/\\\/tunaigodoi.com.br\\\/index.php\\\/resume\\\/\",\"url\":\"https:\\\/\\\/tunaigodoi.com.br\\\/index.php\\\/resume\\\/\",\"name\":\"CURRICULO - Tunai Godoi\",\"isPartOf\":{\"@id\":\"https:\\\/\\\/tunaigodoi.com.br\\\/#website\"},\"primaryImageOfPage\":{\"@id\":\"https:\\\/\\\/tunaigodoi.com.br\\\/index.php\\\/resume\\\/#primaryimage\"},\"image\":{\"@id\":\"https:\\\/\\\/tunaigodoi.com.br\\\/index.php\\\/resume\\\/#primaryimage\"},\"thumbnailUrl\":\"http:\\\/\\\/tunaigodoi.com.br\\\/wp-content\\\/uploads\\\/2022\\\/02\\\/iPhone-Pro-Longscroll-Mockups-300x252.png\",\"datePublished\":\"2023-10-19T05:29:46+00:00\",\"dateModified\":\"2024-04-24T20:57:24+00:00\",\"description\":\"Here you can download my resume! If you like my profile and portfolio feel free to download my resume and contact me!\",\"breadcrumb\":{\"@id\":\"https:\\\/\\\/tunaigodoi.com.br\\\/index.php\\\/resume\\\/#breadcrumb\"},\"inLanguage\":\"pt-BR\",\"potentialAction\":[{\"@type\":\"ReadAction\",\"target\":[\"https:\\\/\\\/tunaigodoi.com.br\\\/index.php\\\/resume\\\/\"]}]},{\"@type\":\"ImageObject\",\"inLanguage\":\"pt-BR\",\"@id\":\"https:\\\/\\\/tunaigodoi.com.br\\\/index.php\\\/resume\\\/#primaryimage\",\"url\":\"http:\\\/\\\/tunaigodoi.com.br\\\/wp-content\\\/uploads\\\/2022\\\/02\\\/iPhone-Pro-Longscroll-Mockups-300x252.png\",\"contentUrl\":\"http:\\\/\\\/tunaigodoi.com.br\\\/wp-content\\\/uploads\\\/2022\\\/02\\\/iPhone-Pro-Longscroll-Mockups-300x252.png\"},{\"@type\":\"BreadcrumbList\",\"@id\":\"https:\\\/\\\/tunaigodoi.com.br\\\/index.php\\\/resume\\\/#breadcrumb\",\"itemListElement\":[{\"@type\":\"ListItem\",\"position\":1,\"name\":\"In\u00edcio\",\"item\":\"https:\\\/\\\/tunaigodoi.com.br\\\/\"},{\"@type\":\"ListItem\",\"position\":2,\"name\":\"CURRICULO\"}]},{\"@type\":\"WebSite\",\"@id\":\"https:\\\/\\\/tunaigodoi.com.br\\\/#website\",\"url\":\"https:\\\/\\\/tunaigodoi.com.br\\\/\",\"name\":\"Tunai Godoi\",\"description\":\"\",\"publisher\":{\"@id\":\"https:\\\/\\\/tunaigodoi.com.br\\\/#\\\/schema\\\/person\\\/f5ac37b8e98000c73a66e515f334375e\"},\"potentialAction\":[{\"@type\":\"SearchAction\",\"target\":{\"@type\":\"EntryPoint\",\"urlTemplate\":\"https:\\\/\\\/tunaigodoi.com.br\\\/?s={search_term_string}\"},\"query-input\":{\"@type\":\"PropertyValueSpecification\",\"valueRequired\":true,\"valueName\":\"search_term_string\"}}],\"inLanguage\":\"pt-BR\"},{\"@type\":[\"Person\",\"Organization\"],\"@id\":\"https:\\\/\\\/tunaigodoi.com.br\\\/#\\\/schema\\\/person\\\/f5ac37b8e98000c73a66e515f334375e\",\"name\":\"tunai\",\"image\":{\"@type\":\"ImageObject\",\"inLanguage\":\"pt-BR\",\"@id\":\"https:\\\/\\\/tunaigodoi.com.br\\\/wp-content\\\/uploads\\\/2022\\\/01\\\/cropped-cropped-cropped-Group-1.png\",\"url\":\"https:\\\/\\\/tunaigodoi.com.br\\\/wp-content\\\/uploads\\\/2022\\\/01\\\/cropped-cropped-cropped-Group-1.png\",\"contentUrl\":\"https:\\\/\\\/tunaigodoi.com.br\\\/wp-content\\\/uploads\\\/2022\\\/01\\\/cropped-cropped-cropped-Group-1.png\",\"width\":512,\"height\":512,\"caption\":\"tunai\"},\"logo\":{\"@id\":\"https:\\\/\\\/tunaigodoi.com.br\\\/wp-content\\\/uploads\\\/2022\\\/01\\\/cropped-cropped-cropped-Group-1.png\"},\"sameAs\":[\"http:\\\/\\\/tunaigodoi.com.br\"]}]}<\/script>\n<!-- \/ Yoast SEO plugin. -->","yoast_head_json":{"title":"CURRICULO - Tunai Godoi","description":"Here you can download my resume! If you like my profile and portfolio feel free to download my resume and contact me!","robots":{"index":"index","follow":"follow","max-snippet":"max-snippet:-1","max-image-preview":"max-image-preview:large","max-video-preview":"max-video-preview:-1"},"canonical":"https:\/\/tunaigodoi.com.br\/index.php\/resume\/","og_locale":"pt_BR","og_type":"article","og_title":"CURRICULO - Tunai Godoi","og_description":"Here you can download my resume! If you like my profile and portfolio feel free to download my resume and contact me!","og_url":"https:\/\/tunaigodoi.com.br\/index.php\/resume\/","og_site_name":"Tunai Godoi","article_modified_time":"2024-04-24T20:57:24+00:00","og_image":[{"url":"http:\/\/tunaigodoi.com.br\/wp-content\/uploads\/2022\/02\/iPhone-Pro-Longscroll-Mockups-300x252.png","type":"","width":"","height":""}],"twitter_card":"summary_large_image","twitter_misc":{"Est. tempo de leitura":"1 minuto"},"schema":{"@context":"https:\/\/schema.org","@graph":[{"@type":"WebPage","@id":"https:\/\/tunaigodoi.com.br\/index.php\/resume\/","url":"https:\/\/tunaigodoi.com.br\/index.php\/resume\/","name":"CURRICULO - Tunai Godoi","isPartOf":{"@id":"https:\/\/tunaigodoi.com.br\/#website"},"primaryImageOfPage":{"@id":"https:\/\/tunaigodoi.com.br\/index.php\/resume\/#primaryimage"},"image":{"@id":"https:\/\/tunaigodoi.com.br\/index.php\/resume\/#primaryimage"},"thumbnailUrl":"http:\/\/tunaigodoi.com.br\/wp-content\/uploads\/2022\/02\/iPhone-Pro-Longscroll-Mockups-300x252.png","datePublished":"2023-10-19T05:29:46+00:00","dateModified":"2024-04-24T20:57:24+00:00","description":"Here you can download my resume! If you like my profile and portfolio feel free to download my resume and contact me!","breadcrumb":{"@id":"https:\/\/tunaigodoi.com.br\/index.php\/resume\/#breadcrumb"},"inLanguage":"pt-BR","potentialAction":[{"@type":"ReadAction","target":["https:\/\/tunaigodoi.com.br\/index.php\/resume\/"]}]},{"@type":"ImageObject","inLanguage":"pt-BR","@id":"https:\/\/tunaigodoi.com.br\/index.php\/resume\/#primaryimage","url":"http:\/\/tunaigodoi.com.br\/wp-content\/uploads\/2022\/02\/iPhone-Pro-Longscroll-Mockups-300x252.png","contentUrl":"http:\/\/tunaigodoi.com.br\/wp-content\/uploads\/2022\/02\/iPhone-Pro-Longscroll-Mockups-300x252.png"},{"@type":"BreadcrumbList","@id":"https:\/\/tunaigodoi.com.br\/index.php\/resume\/#breadcrumb","itemListElement":[{"@type":"ListItem","position":1,"name":"In\u00edcio","item":"https:\/\/tunaigodoi.com.br\/"},{"@type":"ListItem","position":2,"name":"CURRICULO"}]},{"@type":"WebSite","@id":"https:\/\/tunaigodoi.com.br\/#website","url":"https:\/\/tunaigodoi.com.br\/","name":"Tunai Godoi","description":"","publisher":{"@id":"https:\/\/tunaigodoi.com.br\/#\/schema\/person\/f5ac37b8e98000c73a66e515f334375e"},"potentialAction":[{"@type":"SearchAction","target":{"@type":"EntryPoint","urlTemplate":"https:\/\/tunaigodoi.com.br\/?s={search_term_string}"},"query-input":{"@type":"PropertyValueSpecification","valueRequired":true,"valueName":"search_term_string"}}],"inLanguage":"pt-BR"},{"@type":["Person","Organization"],"@id":"https:\/\/tunaigodoi.com.br\/#\/schema\/person\/f5ac37b8e98000c73a66e515f334375e","name":"tunai","image":{"@type":"ImageObject","inLanguage":"pt-BR","@id":"https:\/\/tunaigodoi.com.br\/wp-content\/uploads\/2022\/01\/cropped-cropped-cropped-Group-1.png","url":"https:\/\/tunaigodoi.com.br\/wp-content\/uploads\/2022\/01\/cropped-cropped-cropped-Group-1.png","contentUrl":"https:\/\/tunaigodoi.com.br\/wp-content\/uploads\/2022\/01\/cropped-cropped-cropped-Group-1.png","width":512,"height":512,"caption":"tunai"},"logo":{"@id":"https:\/\/tunaigodoi.com.br\/wp-content\/uploads\/2022\/01\/cropped-cropped-cropped-Group-1.png"},"sameAs":["http:\/\/tunaigodoi.com.br"]}]}},"_links":{"self":[{"href":"https:\/\/tunaigodoi.com.br\/index.php\/wp-json\/wp\/v2\/pages\/5099","targetHints":{"allow":["GET"]}}],"collection":[{"href":"https:\/\/tunaigodoi.com.br\/index.php\/wp-json\/wp\/v2\/pages"}],"about":[{"href":"https:\/\/tunaigodoi.com.br\/index.php\/wp-json\/wp\/v2\/types\/page"}],"author":[{"embeddable":true,"href":"https:\/\/tunaigodoi.com.br\/index.php\/wp-json\/wp\/v2\/users\/1"}],"replies":[{"embeddable":true,"href":"https:\/\/tunaigodoi.com.br\/index.php\/wp-json\/wp\/v2\/comments?post=5099"}],"version-history":[{"count":19,"href":"https:\/\/tunaigodoi.com.br\/index.php\/wp-json\/wp\/v2\/pages\/5099\/revisions"}],"predecessor-version":[{"id":5351,"href":"https:\/\/tunaigodoi.com.br\/index.php\/wp-json\/wp\/v2\/pages\/5099\/revisions\/5351"}],"wp:attachment":[{"href":"https:\/\/tunaigodoi.com.br\/index.php\/wp-json\/wp\/v2\/media?parent=5099"}],"curies":[{"name":"wp","href":"https:\/\/api.w.org\/{rel}","templated":true}]}}